{"id":49,"date":"2024-09-19T12:40:59","date_gmt":"2024-09-19T12:40:59","guid":{"rendered":"https:\/\/agronomia.ghost.uem.mz\/?page_id=49"},"modified":"2024-09-19T12:40:59","modified_gmt":"2024-09-19T12:40:59","slug":"galeria","status":"publish","type":"page","link":"https:\/\/agronomia.uem.mz\/index.php\/galeria\/","title":{"rendered":"Galeria"},"content":{"rendered":"\t\t<div data-elementor-type=\"wp-page\" data-elementor-id=\"49\" class=\"elementor elementor-49\">\n\t\t\t\t<div class=\"elementor-element elementor-element-74a38a6 e-flex e-con-boxed e-con e-parent\" data-id=\"74a38a6\" data-element_type=\"container\">\n\t\t\t\t\t<div class=\"e-con-inner\">\n\t\t<div class=\"elementor-element elementor-element-3e0ece9 e-con-full e-flex e-con e-child\" data-id=\"3e0ece9\" data-element_type=\"container\">\n\t\t\t\t<div class=\"elementor-element elementor-element-496f8e5 elementor-widget__width-initial elementor-widget elementor-widget-heading\" data-id=\"496f8e5\" data-element_type=\"widget\" data-widget_type=\"heading.default\">\n\t\t\t\t\t<h3 class=\"elementor-heading-title elementor-size-default\">Galeria<\/h3>\t\t\t\t<\/div>\n\t\t\t\t<div class=\"elementor-element elementor-element-6e9db5b elementor-widget__width-initial elementor-widget elementor-widget-heading\" data-id=\"6e9db5b\" data-element_type=\"widget\" data-widget_type=\"heading.default\">\n\t\t\t\t\t<h3 class=\"elementor-heading-title elementor-size-default\">Anuncios e Eventos<\/h3>\t\t\t\t<\/div>\n\t\t\t\t<div class=\"elementor-element elementor-element-18c9935 elementor-widget elementor-widget-text-editor\" data-id=\"18c9935\" data-element_type=\"widget\" data-widget_type=\"text-editor.default\">\n\t\t\t\t\t\t\t\t\t<p><strong>CURSOS DE DOUTORAMENTO PARA O ANO ACAD\u00c9MICO 2024<\/strong><\/p><ul><li><p>DOUTOTAMENTO EM AGRONOMIA;\u00a0<a title=\"Doutoramento em Agronomia\" href=\"http:\/\/agronomia.ghost.uem.mz\/wp-content\/uploads\/sites\/16\/2024\/10\/Curso_de_doutoramento_em_Agronomia_2024_3.pdf\">Clica aqui<\/a>.<\/p><\/li><li><p>DOUTORAMENTO EM CI\u00caNCIAS FLORESTAIS;\u00a0<a title=\"Doutoramento em Ci\u00eancias Florestais\" href=\"http:\/\/agronomia.ghost.uem.mz\/wp-content\/uploads\/sites\/16\/2024\/10\/Curso_de_doutoramento_em_Ciencias_Florestais_2024.pdf\">Clica aqui<\/a>.<\/p><\/li><li><p>DOUTORAMENTO EM GEST\u00c3O E POL\u00cdTICAS AGROALIMENTARES.\u00a0<a title=\"Doutoramento em Gest\u00e3o e Pol\u00edticas Agro-alimentares\" href=\"http:\/\/agronomia.ghost.uem.mz\/wp-content\/uploads\/sites\/16\/2024\/10\/Curso_de_doutoramento_em_Gestao_e_Politicas_Agroalimentares_2024_2.pdf\">Clica aqui<\/a>.<\/p><\/li><\/ul><p><strong>CANDIDATURAS PARA O MESTRADO &#8211; ANO ACAD\u00c9MICO DE 2024\u00a0<a title=\"Mestrado 2024\" href=\"http:\/\/agronomia.ghost.uem.mz\/wp-content\/uploads\/sites\/16\/2024\/10\/Edital_Comum_Mestrado_2024__Web_2.pdf\">Clica aqui<\/a><\/strong><\/p><p><strong>ENCONTRE EM ANEXO OS TORs PARA A VAGA DE ESPECIALISTA DE G\u00c9NERO PARA O PROJETO DRYSAT.\u00a0<a href=\"http:\/\/agronomia.ghost.uem.mz\/wp-content\/uploads\/sites\/16\/2024\/10\/ToR_Women2women_PT.pdf\">TORs PT<\/a>,<a href=\"http:\/\/agronomia.ghost.uem.mz\/wp-content\/uploads\/sites\/16\/2024\/10\/ToR_Women2women_EN.pdf\">TORs EN<\/a>.<\/strong><\/p><p><strong>AN\u00daNCIO DE BOLSAS DE ESTUDOS PARA DOUTORAMENTO E MESTRADO EM MUDAN\u00c7AS CLIM\u00c1TICAS EM SISTEMAS AGR\u00c1RIOS<\/strong>\u00a0<strong><a href=\"http:\/\/www.agronomia.uem.mz\/images\/PDFs\/EDITAL_SOBRE_BOLSA_DE_ESTUDO__DE_MESTRADO_E_DOUTORAMENTO.pdf\">Clica aqui.<\/a><\/strong><\/p><p><strong>CHAMADA PARA CANDIDATURA A BOLSAS DE ESTUDOS E AOS PROGRAMAS DE MESTRADO E DOUTORAMENTO DA UEM<\/strong>\u00a0<strong><a href=\"http:\/\/agronomia.ghost.uem.mz\/wp-content\/uploads\/sites\/16\/2024\/10\/Chamada_para_candidatura_a_Bolsas_e_aos_programas_de_Mestrado_e_Doutoramento_da_UEM_2023_para_comear_em_Agosto_2.pdf\">Clica aqui.<\/a><\/strong><\/p>\t\t\t\t\t\t\t\t<\/div>\n\t\t\t\t<\/div>\n\t\t<div class=\"elementor-element elementor-element-b07d160 e-con-full e-flex e-con e-child\" data-id=\"b07d160\" data-element_type=\"container\">\n\t\t\t\t<div class=\"elementor-element elementor-element-8f21dd4 elementor-widget elementor-widget-heading\" data-id=\"8f21dd4\" data-element_type=\"widget\" data-widget_type=\"heading.default\">\n\t\t\t\t\t<h3 class=\"elementor-heading-title elementor-size-default\">Bloco Informativo<\/h3>\t\t\t\t<\/div>\n\t\t\t\t<div class=\"elementor-element elementor-element-d03a6a4 elementor-widget elementor-widget-text-editor\" data-id=\"d03a6a4\" data-element_type=\"widget\" data-widget_type=\"text-editor.default\">\n\t\t\t\t\t\t\t\t\t<ul><li>Provas p\u00fablicas para a obten\u00e7\u00e3o de grau de Doutor em Recursos Florestais pelo candidato\u00a0<em><strong>Dion\u00edsio Virg\u00edlio Roque<\/strong><\/em>.\u00a0<a title=\"Edital defesa Doutoramento\" href=\"http:\/\/agronomia.ghost.uem.mz\/wp-content\/uploads\/sites\/16\/2024\/10\/Edital_Dionisio_Roque.pdf\">Clica aqui para ver o edital<\/a>.<\/li><li><h5>ALTERA\u00c7\u00c3O DO VALOR DA PROPINA NOS CURSOS DE MESTRADO DA FAEF.\u00a0<a href=\"http:\/\/agronomia.ghost.uem.mz\/wp-content\/uploads\/sites\/16\/2024\/10\/Comunicado_Alterao_do_valor_de_propinas.pdf\">Leia mais<\/a><\/h5><\/li><li><span lang=\"PT\">A FAEF faz a entrega de um sistema de abastecimento de agua no posto administrativo de Sabi\u00e9 que consiste de, 1 (<\/span><span lang=\"PT\">um) furo de \u00e1gua cuja bombagem \u00e9 alimentada por pain\u00e9is solares, 1 (um) tanque de armazenamento de 10 mil litros, 2 (dois) fontan\u00e1rios, 2 (dois) bebedouros para gado, 1 (uma) lavandaria. O Sistema de abastecimento de \u00e1gua foi constru\u00eddo no \u00e2mbito do Projecto ProSuLi (Promovendo meios de vida Sustent\u00e1veis) para comunidades adjacentes \u00e0s \u00e1reas de Conserva\u00e7\u00e3o transfronteiri\u00e7as (TFCAs)<\/span><\/li><\/ul>\t\t\t\t\t\t\t\t<\/div>\n\t\t\t\t<\/div>\n\t\t\t\t\t<\/div>\n\t\t\t\t<\/div>\n\t\t\t\t<\/div>\n\t\t","protected":false},"excerpt":{"rendered":"<p>Galeria Anuncios e Eventos CURSOS DE DOUTORAMENTO PARA O ANO ACAD\u00c9MICO 2024 DOUTOTAMENTO EM AGRONOMIA;\u00a0Clica aqui. DOUTORAMENTO EM CI\u00caNCIAS FLORESTAIS;\u00a0Clica [&hellip;]<\/p>\n","protected":false},"author":1,"featured_media":0,"parent":0,"menu_order":0,"comment_status":"closed","ping_status":"closed","template":"","meta":{"site-sidebar-layout":"no-sidebar","site-content-layout":"","ast-site-content-layout":"full-width-container","site-content-style":"default","site-sidebar-style":"default","ast-global-header-display":"","ast-banner-title-visibility":"","ast-main-header-display":"","ast-hfb-above-header-display":"","ast-hfb-below-header-display":"","ast-hfb-mobile-header-display":"","site-post-title":"disabled","ast-breadcrumbs-content":"","ast-featured-img":"disabled","footer-sml-layout":"","theme-transparent-header-meta":"","adv-header-id-meta":"","stick-header-meta":"","header-above-stick-meta":"","header-main-stick-meta":"","header-below-stick-meta":"","astra-migrate-meta-layouts":"default","ast-page-background-enabled":"default","ast-page-background-meta":{"desktop":{"background-color":"var(--ast-global-color-5)","background-image":"","background-repeat":"repeat","background-position":"center center","background-size":"auto","background-attachment":"scroll","background-type":"","background-media":"","overlay-type":"","overlay-color":"","overlay-opacity":"","overlay-gradient":""},"tablet":{"background-color":"","background-image":"","background-repeat":"repeat","background-position":"center center","background-size":"auto","background-attachment":"scroll","background-type":"","background-media":"","overlay-type":"","overlay-color":"","overlay-opacity":"","overlay-gradient":""},"mobile":{"background-color":"","background-image":"","background-repeat":"repeat","background-position":"center center","background-size":"auto","background-attachment":"scroll","background-type":"","background-media":"","overlay-type":"","overlay-color":"","overlay-opacity":"","overlay-gradient":""}},"ast-content-background-meta":{"desktop":{"background-color":"var(--ast-global-color-4)","background-image":"","background-repeat":"repeat","background-position":"center center","background-size":"auto","background-attachment":"scroll","background-type":"","background-media":"","overlay-type":"","overlay-color":"","overlay-opacity":"","overlay-gradient":""},"tablet":{"background-color":"var(--ast-global-color-4)","background-image":"","background-repeat":"repeat","background-position":"center center","background-size":"auto","background-attachment":"scroll","background-type":"","background-media":"","overlay-type":"","overlay-color":"","overlay-opacity":"","overlay-gradient":""},"mobile":{"background-color":"var(--ast-global-color-4)","background-image":"","background-repeat":"repeat","background-position":"center center","background-size":"auto","background-attachment":"scroll","background-type":"","background-media":"","overlay-type":"","overlay-color":"","overlay-opacity":"","overlay-gradient":""}},"footnotes":""},"class_list":["post-49","page","type-page","status-publish","hentry"],"_links":{"self":[{"href":"https:\/\/agronomia.uem.mz\/index.php\/wp-json\/wp\/v2\/pages\/49","targetHints":{"allow":["GET"]}}],"collection":[{"href":"https:\/\/agronomia.uem.mz\/index.php\/wp-json\/wp\/v2\/pages"}],"about":[{"href":"https:\/\/agronomia.uem.mz\/index.php\/wp-json\/wp\/v2\/types\/page"}],"author":[{"embeddable":true,"href":"https:\/\/agronomia.uem.mz\/index.php\/wp-json\/wp\/v2\/users\/1"}],"replies":[{"embeddable":true,"href":"https:\/\/agronomia.uem.mz\/index.php\/wp-json\/wp\/v2\/comments?post=49"}],"version-history":[{"count":0,"href":"https:\/\/agronomia.uem.mz\/index.php\/wp-json\/wp\/v2\/pages\/49\/revisions"}],"wp:attachment":[{"href":"https:\/\/agronomia.uem.mz\/index.php\/wp-json\/wp\/v2\/media?parent=49"}],"curies":[{"name":"wp","href":"https:\/\/api.w.org\/{rel}","templated":true}]}}