{"id":385,"date":"2024-10-02T10:30:21","date_gmt":"2024-10-02T10:30:21","guid":{"rendered":"https:\/\/agronomia.ghost.uem.mz\/?page_id=385"},"modified":"2024-10-02T10:30:21","modified_gmt":"2024-10-02T10:30:21","slug":"nossos-trabalhos","status":"publish","type":"page","link":"https:\/\/agronomia.uem.mz\/index.php\/nossos-trabalhos\/","title":{"rendered":"Nossos Trabalhos"},"content":{"rendered":"\t\t<div data-elementor-type=\"wp-page\" data-elementor-id=\"385\" class=\"elementor elementor-385\">\n\t\t\t\t<div class=\"elementor-element elementor-element-0fd320b e-flex e-con-boxed e-con e-parent\" data-id=\"0fd320b\" data-element_type=\"container\">\n\t\t\t\t\t<div class=\"e-con-inner\">\n\t\t\t\t<div class=\"elementor-element elementor-element-d109455 elementor-widget elementor-widget-heading\" data-id=\"d109455\" data-element_type=\"widget\" data-widget_type=\"heading.default\">\n\t\t\t\t\t<h2 class=\"elementor-heading-title elementor-size-default\">Principais Projectos Realizados<\/h2>\t\t\t\t<\/div>\n\t\t<div class=\"elementor-element elementor-element-7e452a8 e-con-full e-flex e-con e-child\" data-id=\"7e452a8\" data-element_type=\"container\">\n\t\t\t\t<div class=\"elementor-element elementor-element-0393500 elementor-widget elementor-widget-text-editor\" data-id=\"0393500\" data-element_type=\"widget\" data-widget_type=\"text-editor.default\">\n\t\t\t\t\t\t\t\t\t<p><b><strong>Elabora\u00e7\u00e3o de manuais<\/strong><\/b><\/p><table><tbody><tr><td width=\"547\"><p>CABI \u2013 revis\u00e3o de manual<\/p><\/td><td width=\"91\"><p>2014\/2015<\/p><\/td><\/tr><tr><td width=\"547\"><p>Tradu\u00e7\u00e3o do manual de batata doce<\/p><\/td><td width=\"91\"><p>2014<\/p><\/td><\/tr><tr><td width=\"547\"><p>Tradu\u00e7\u00e3o dos manuais de mandioca e arroz<\/p><\/td><td width=\"91\"><p>2013\/2014<\/p><\/td><\/tr><tr><td width=\"547\"><p>Harmoniza\u00e7\u00e3o de manual de treinamento das organiza\u00e7\u00f5es de produtores apoiados pelo PROMER<\/p><\/td><td width=\"91\"><p>2013<\/p><\/td><\/tr><\/tbody><\/table><p><b style=\"font-style: inherit\"><strong>Desenvolvimento curricular<\/strong><\/b><\/p><table><tbody><tr><td width=\"547\"><p>ProjectoVagalh\u00e3o &#8211; Higher education and capacity-development for sustainability and clean technologies in the forest sector in Mozambique<\/p><\/td><td width=\"91\"><p>2014<\/p><\/td><\/tr><tr><td width=\"547\"><p>Elabora\u00e7\u00e3o de qualifica\u00e7\u00f5es para a Escola Nacional de Estat\u00edstica<\/p><\/td><td width=\"91\"><p>2013<\/p><\/td><\/tr><tr><td width=\"547\"><p>Orienta\u00e7\u00f5es metodol\u00f3gicas para a elabora\u00e7\u00e3o das qualifica\u00e7\u00f5es de n\u00edvel I e II<\/p><\/td><td width=\"91\"><p>2012<\/p><\/td><\/tr><tr><td width=\"547\"><p>Elabora\u00e7\u00e3o dos curr\u00edculos dos cursos agr\u00e1rios dos polit\u00e9cnicos de Manica e de Gaza, no \u00e2mbito do projecto \u201cNPT \u2013 Polit\u00e9cnicos\u201d, de suporte \u00e0 implanta\u00e7\u00e3o de 3 Institutos Superiores Polit\u00e9cnicos em Mo\u00e7ambique<\/p><\/td><td width=\"91\"><p>2005<\/p><\/td><\/tr><\/tbody><\/table><p><b><strong>Forma\u00e7\u00e3o<\/strong><\/b><\/p><table><tbody><tr><td width=\"547\"><p>Curso de forma\u00e7\u00e3o em metodologias de ensino baseado em compet\u00eancias profissionais para formadores dos institutos m\u00e9dios agr\u00e1rios (Certificado B)<\/p><\/td><td width=\"91\"><p>2014<\/p><\/td><\/tr><tr><td width=\"547\"><p>M\u00f3dulo de \u00e9tica e deontologia profissional<\/p><\/td><td width=\"91\"><p>2014<\/p><\/td><\/tr><tr><td width=\"547\"><p>Forma\u00e7\u00e3o em planeamento territorial e gest\u00e3o de cadastro<\/p><\/td><td width=\"91\"><p>2014<\/p><\/td><\/tr><tr><td width=\"547\"><p>Forma\u00e7\u00e3o de t\u00e9cnicos de laborat\u00f3rio da DSV<\/p><\/td><td width=\"91\"><p>2014<\/p><\/td><\/tr><tr><td width=\"547\"><p>Forma\u00e7\u00e3o de agricultores produtores de cana de a\u00e7ucar que colaboram com a A\u00e7ucareira de Xinavane<\/p><\/td><td width=\"91\"><p>2014<\/p><\/td><\/tr><tr><td width=\"547\"><p>Treino de forma\u00e7\u00e3o de formadores no IPU \u2013 Certificado B<\/p><\/td><td width=\"91\"><p>2014<\/p><\/td><\/tr><tr><td width=\"547\"><p>Centro de recursos para professores de agricultura\/forma\u00e7\u00e3o em TIC\u2019s \u2013 IPU<\/p><\/td><td width=\"91\"><p>2012<\/p><\/td><\/tr><tr><td width=\"547\"><p>Curso para os formadores \u201cTudo o que quiser saber sobre a batata doce\u201d para 30 t\u00e9cnicos de institui\u00e7\u00f5es p\u00fablicas, ONGs e privadas<\/p><\/td><td width=\"91\"><p>2012<\/p><\/td><\/tr><tr><td width=\"547\"><p>Curso de curta dura\u00e7\u00e3o para actualiza\u00e7\u00e3o de professores do Instituto Superior Polit\u00e9cnico de Manica (ISPM)<\/p><\/td><td width=\"91\"><p>2009<\/p><\/td><\/tr><\/tbody><\/table><p><b><strong>\u00a0 \u00a0 Levantamentos socio-econ\u00f3micos de base<\/strong><\/b><\/p><table><tbody><tr><td width=\"474\"><p>Estudos de caracteriza\u00e7\u00e3o da \u00e1rea de concess\u00e3o mineira n<sup>o<\/sup>\u00a06064C e das potenciais \u00e1reas hospedeiras para o reassentamento das minas de Revuboe<\/p><\/td><td width=\"164\"><p>2014<\/p><\/td><\/tr><tr><td width=\"474\"><p>Estudo Baseline do PROIRRI (condu\u00e7\u00e3o e analise de 3500 inqueritos a 170 comunidades em Sofala, Manica e Zamb\u00e9zia),<\/p><\/td><td width=\"164\"><p>2013\/2014<\/p><\/td><\/tr><tr><td width=\"474\"><p>Field survey for monitoring REED+.<\/p><\/td><td width=\"164\"><p>2013<\/p><\/td><\/tr><tr><td width=\"474\"><p>PROIRRI (Programa de Desenvolvimento de Irriga\u00e7\u00e3o do MINAG) &#8211; condu\u00e7\u00e3o e an\u00e1lise de 8000 inqu\u00e9ritos a fam\u00edlias rurais, em 5 distritos das Prov\u00edncias de Sofala e Manica<\/p><\/td><td width=\"164\"><p>2010<\/p><\/td><\/tr><tr><td width=\"474\"><p>Levantamento sobre a incid\u00eancia do amarelecimento letal do coqueiro nos palmares das prov\u00edncias de Sofala, Inhambane, Gaza e Maputo<\/p><\/td><td width=\"164\"><p>2010\/2011<\/p><\/td><\/tr><tr><td width=\"474\"><p>Levantamento de base sobre o estado econ\u00f3mico, social, educacional e de sa\u00fade em 3 distritos<\/p><\/td><td width=\"164\"><p>2007<\/p><\/td><\/tr><\/tbody><\/table><p><b><strong>An\u00e1lises de indicadores socio-econ\u00f3micos<\/strong><\/b><\/p><table><tbody><tr><td width=\"474\"><p>Estudo sobre as Experi\u00eancias da Iniciativa para Terras Comunit\u00e1rias (iTC) na Delimita\u00e7\u00e3o de Terras Comunit\u00e1rias no \u00e2mbito da Implementa\u00e7\u00e3o da Lei de Terras<\/p><\/td><td width=\"164\"><p>2013\/2014<\/p><\/td><\/tr><tr><td width=\"474\"><p>Avalia\u00e7\u00e3o do impacto causado pelo Amarelecimento Letal do Coqueiro e pelo Escaravelho Rinoceronte na renda familiar dos agricultores familiares na Zamb\u00e9zia e Nampula<\/p><\/td><td width=\"164\"><p>2013<\/p><\/td><\/tr><tr><td width=\"474\"><p>CGIAR Challenge Program on Water &amp; Food for Improved Rural Livelihoods na bacia do rio Limpopo<\/p><\/td><td width=\"164\"><p>2005\/2009<\/p><\/td><\/tr><tr><td width=\"474\"><p>Uso e acesso \u00e0 \u00e1gua no sistema de irriga\u00e7\u00e3o do Chokwe<\/p><\/td><td width=\"164\"><p>2008<\/p><\/td><\/tr><tr><td width=\"474\"><p>Desenvolvimento sustent\u00e1vel das terras h\u00famidas da \u00c1frica Austral numa abordagem de ecosistemas e modos de vida<\/p><\/td><td width=\"164\"><p>2008<\/p><\/td><\/tr><\/tbody><\/table><p><b><strong>Projectos de investiga\u00e7\u00e3o aplicada e\u00a0 \u00a0desenvolvimento rural<\/strong><\/b><\/p><table><tbody><tr><td width=\"475\"><p>Identifica\u00e7\u00e3o e an\u00e1lise das causas sob ac\u00e7\u00e3o directa e indirecta dos principais agentes de deflorestamento e degrada\u00e7\u00e3o florestal no pa\u00eds<\/p><\/td><td width=\"163\"><p>2014\/2015<\/p><\/td><\/tr><tr><td width=\"475\"><p>Reabilita\u00e7\u00e3o de 1.360 hectares de regadios<\/p><\/td><td width=\"163\"><p>2014\/2015<\/p><\/td><\/tr><tr><td width=\"475\"><p>Review of crop compensation rates and assumptions.<\/p><\/td><td width=\"163\"><p>2014\/2015<\/p><\/td><\/tr><tr><td width=\"475\"><p>Assessment of the fruit fly, Bactrocerainvadens, pest status and the impact of the parasitoid, Fopiusarisantus, on its populations in Mozambique<\/p><\/td><td width=\"163\"><p>2015<\/p><\/td><\/tr><tr><td width=\"475\"><p>Scaling up biological control of DBM on Crucifers<\/p><\/td><td width=\"163\"><p>2013\/2015<\/p><\/td><\/tr><tr><td width=\"475\"><p>Estudo sobre experi\u00eancias das iniciativas comunit\u00e1rias (iTC).<\/p><\/td><td width=\"163\"><p>2013<\/p><\/td><\/tr><tr><td width=\"475\"><p>Apoio \u00e0 unidade de produ\u00e7\u00e3o leiteira de Mocodoene<\/p><\/td><td width=\"163\"><p>2013<\/p><\/td><\/tr><tr><td width=\"475\"><p>Projecto de investiga\u00e7\u00e3o aplicada e desenvolvimento para teste e dissemina\u00e7\u00e3o de tecnologias de produ\u00e7\u00e3o de algod\u00e3o sustent\u00e1veis para os agricultores familiares do distrito de Morrumbala, prov\u00edncia da Zamb\u00e9zia<\/p><\/td><td width=\"163\"><p>2007\/2009<\/p><\/td><\/tr><tr><td width=\"475\"><p>Projecto de diversifica\u00e7\u00e3o da produ\u00e7\u00e3o em Morrumbala e Mutarara -produ\u00e7\u00e3o de semente melhoradas, investiga\u00e7\u00e3o on-farm e produ\u00e7\u00e3o de fruteiras em viveiros<\/p><\/td><td width=\"163\"><p>2003\/2007<\/p><\/td><\/tr><tr><td width=\"475\"><p>Projecto de desenvolvimento rural e de dissemina\u00e7\u00e3o de tecnologias para gest\u00e3o sustent\u00e1vel dos Recursos Naturais em Licuati, Matutuine<\/p><\/td><td width=\"163\"><p>1997\/2000<\/p><\/td><\/tr><\/tbody><\/table><p><b><strong>Invent\u00e1rios florestais<\/strong><\/b><\/p><table><tbody><tr><td width=\"475\"><p>Invent\u00e1rio Florestal na \u00e1rea a ser licenciada para a derruba de vegeta\u00e7\u00e3o, para a expan\u00e7\u00e3o da mina e implanta\u00e7\u00e3o de uma linha de transmiss\u00e3o el\u00e9ctrica, dentro e fora das concess\u00f5es da Vale, na prov\u00edncia de Tete<\/p><\/td><td width=\"163\"><p>2014<\/p><\/td><\/tr><tr><td width=\"475\"><p>Mapeamento de uso e cobertura vegetal e invent\u00e1rio florestal na escala 1\/250 000 na Provincia de Sofala<\/p><\/td><td width=\"163\"><p>2012\/ 2013<\/p><\/td><\/tr><tr><td width=\"475\"><p>Invent\u00e1rios dos recursos naturais em Inhambane e Gaza<\/p><\/td><td width=\"163\"><p>2010<\/p><\/td><\/tr><tr><td width=\"475\"><p>Levantamento dos recursos naturais, incluindo invent\u00e1rio florestal, para a empresa Sasol na zona de ac\u00e7\u00e3o do Projecto de G\u00e1s Natural de Pande<\/p><\/td><td width=\"163\"><p>2009<\/p><\/td><\/tr><tr><td width=\"475\"><p>Invent\u00e1rio e Maneio Florestal para 2 Blocos no Distrito de Cheringoma &#8211; Prov\u00edncia de Sofala. Madeiras Preciosas de Mo\u00e7ambique<\/p><\/td><td width=\"163\"><p>2006<\/p><\/td><\/tr><\/tbody><\/table><p><b><strong>Levantamentos sobre recursos naturais<\/strong><\/b><\/p><table><tbody><tr><td width=\"475\"><p>ACES &#8211; Abrupt changes in ecosystem services and wellbeing in Mozambique.<\/p><\/td><td width=\"163\"><p>2014\/2015<\/p><\/td><\/tr><tr><td width=\"475\"><p>Plano de maneio de AIA do Parque Ecol\u00f3gico de Malhazine em Maputo<\/p><\/td><td width=\"163\"><p>2014\/2015<\/p><\/td><\/tr><tr><td width=\"475\"><p>Mapeamento de habitats em Mo\u00e7ambique<\/p><\/td><td width=\"163\"><p>2014\/2015<\/p><\/td><\/tr><tr><td width=\"475\"><p>Impact of climate change on Miombo woodland ecosystems in Quirimbas National Park<\/p><\/td><td width=\"163\"><p>2014\/2015<\/p><\/td><\/tr><tr><td width=\"475\"><p>Levantamento de solos de Cuamba e Mechelia<\/p><\/td><td width=\"163\"><p>2014\/2015<\/p><\/td><\/tr><tr><td width=\"475\"><p>Estudo de aptid\u00e3o de solos de Cuamba<\/p><\/td><td width=\"163\"><p>2013<\/p><\/td><\/tr><tr><td width=\"475\"><p>Avalia\u00e7\u00e3o de desempenho das concess\u00f5es florestais em Mo\u00e7ambique<\/p><\/td><td width=\"163\"><p>2012\/2013<\/p><\/td><\/tr><tr><td width=\"475\"><p>Levantamento de base da biodiversidade do Parque Nacional da Quirimbas<\/p><\/td><td width=\"163\"><p>2009\/2010<\/p><\/td><\/tr><tr><td width=\"475\"><p>Estudo de base para determina\u00e7\u00e3o do carbono em Manica<\/p><\/td><td width=\"163\"><p>2008\/2009<\/p><\/td><\/tr><tr><td width=\"475\"><p>Estimativas de consumo de carv\u00e3o e lenha em Mo\u00e7ambique<\/p><\/td><td width=\"163\"><p>2007\/2008<\/p><\/td><\/tr><tr><td width=\"475\"><p>Levantamento de solos, topografia e recursos h\u00eddricos para posterior desenho de sistemas de irriga\u00e7\u00e3o, no \u00e2mbito de irriga\u00e7\u00e3o de pequena escala do MADER<\/p><\/td><td width=\"163\"><p>2005<\/p><\/td><\/tr><tr><td width=\"475\"><p>Levantamentos de solos, salinidade e efeitos de eros\u00e3o e cobertura vegetal ap\u00f3s as cheias de 2000 na Bacia do Limpopo<\/p><\/td><td width=\"163\"><p>2001<\/p><\/td><\/tr><\/tbody><\/table><p><b><strong>Outros projectos executados<\/strong><\/b><\/p><table><tbody><tr><td width=\"475\"><p>Testing REDD+: drivers of deforestation and forest degradation and carbon stock. Para IIED<\/p><\/td><td width=\"163\"><p>2013\/2015<\/p><\/td><\/tr><tr><td width=\"475\"><p>Reassentamento Palma \u2013 solos, legisla\u00e7\u00e3o e uso florestal<\/p><\/td><td width=\"163\"><p>2013\/2015<\/p><\/td><\/tr><tr><td width=\"475\"><p>Estabelecimento de um sistema de monitoria da explora\u00e7\u00e3o madereira ilegal em Mo\u00e7ambique<\/p><\/td><td width=\"163\"><p>2013\/2015<\/p><\/td><\/tr><tr><td width=\"475\"><p>Establishment of Sustainable Forest Resource Information Platform of Monitoring REDD+;<\/p><\/td><td width=\"163\"><p>2013<\/p><\/td><\/tr><tr><td width=\"475\"><p>Avalia\u00e7\u00e3o estrat\u00e9gica ambiental e social parao PROIRRI\/MINAG<\/p><\/td><td width=\"163\"><p>2010\/2011<\/p><\/td><\/tr><tr><td width=\"475\"><p>Estrat\u00e9gia Nacional de REED em Mo\u00e7ambique<\/p><\/td><td width=\"163\"><p>2010<\/p><\/td><\/tr><tr><td width=\"475\"><p>Processo de gest\u00e3o integrada de recursos h\u00eddricos em Mo\u00e7ambique \u2013 resultados, li\u00e7\u00f5es e desafios<\/p><\/td><td width=\"163\"><p>2009<\/p><\/td><\/tr><tr><td width=\"475\"><p>Estrat\u00e9gias de Mitiga\u00e7\u00e3o de Cheias\u00a0\u00a0em 3 comunidades da Bacia do Limpopo<\/p><\/td><td width=\"163\"><p>2006<\/p><\/td><\/tr><\/tbody><\/table>\t\t\t\t\t\t\t\t<\/div>\n\t\t\t\t<\/div>\n\t\t\t\t\t<\/div>\n\t\t\t\t<\/div>\n\t\t\t\t<\/div>\n\t\t","protected":false},"excerpt":{"rendered":"<p>Principais Projectos Realizados Elabora\u00e7\u00e3o de manuais CABI \u2013 revis\u00e3o de manual 2014\/2015 Tradu\u00e7\u00e3o do manual de batata doce 2014 Tradu\u00e7\u00e3o [&hellip;]<\/p>\n","protected":false},"author":1,"featured_media":0,"parent":0,"menu_order":0,"comment_status":"closed","ping_status":"closed","template":"","meta":{"site-sidebar-layout":"no-sidebar","site-content-layout":"","ast-site-content-layout":"full-width-container","site-content-style":"default","site-sidebar-style":"default","ast-global-header-display":"","ast-banner-title-visibility":"","ast-main-header-display":"","ast-hfb-above-header-display":"","ast-hfb-below-header-display":"","ast-hfb-mobile-header-display":"","site-post-title":"disabled","ast-breadcrumbs-content":"","ast-featured-img":"disabled","footer-sml-layout":"","theme-transparent-header-meta":"","adv-header-id-meta":"","stick-header-meta":"","header-above-stick-meta":"","header-main-stick-meta":"","header-below-stick-meta":"","astra-migrate-meta-layouts":"default","ast-page-background-enabled":"default","ast-page-background-meta":{"desktop":{"background-color":"var(--ast-global-color-5)","background-image":"","background-repeat":"repeat","background-position":"center center","background-size":"auto","background-attachment":"scroll","background-type":"","background-media":"","overlay-type":"","overlay-color":"","overlay-opacity":"","overlay-gradient":""},"tablet":{"background-color":"","background-image":"","background-repeat":"repeat","background-position":"center center","background-size":"auto","background-attachment":"scroll","background-type":"","background-media":"","overlay-type":"","overlay-color":"","overlay-opacity":"","overlay-gradient":""},"mobile":{"background-color":"","background-image":"","background-repeat":"repeat","background-position":"center center","background-size":"auto","background-attachment":"scroll","background-type":"","background-media":"","overlay-type":"","overlay-color":"","overlay-opacity":"","overlay-gradient":""}},"ast-content-background-meta":{"desktop":{"background-color":"var(--ast-global-color-4)","background-image":"","background-repeat":"repeat","background-position":"center center","background-size":"auto","background-attachment":"scroll","background-type":"","background-media":"","overlay-type":"","overlay-color":"","overlay-opacity":"","overlay-gradient":""},"tablet":{"background-color":"var(--ast-global-color-4)","background-image":"","background-repeat":"repeat","background-position":"center center","background-size":"auto","background-attachment":"scroll","background-type":"","background-media":"","overlay-type":"","overlay-color":"","overlay-opacity":"","overlay-gradient":""},"mobile":{"background-color":"var(--ast-global-color-4)","background-image":"","background-repeat":"repeat","background-position":"center center","background-size":"auto","background-attachment":"scroll","background-type":"","background-media":"","overlay-type":"","overlay-color":"","overlay-opacity":"","overlay-gradient":""}},"footnotes":""},"class_list":["post-385","page","type-page","status-publish","hentry"],"_links":{"self":[{"href":"https:\/\/agronomia.uem.mz\/index.php\/wp-json\/wp\/v2\/pages\/385","targetHints":{"allow":["GET"]}}],"collection":[{"href":"https:\/\/agronomia.uem.mz\/index.php\/wp-json\/wp\/v2\/pages"}],"about":[{"href":"https:\/\/agronomia.uem.mz\/index.php\/wp-json\/wp\/v2\/types\/page"}],"author":[{"embeddable":true,"href":"https:\/\/agronomia.uem.mz\/index.php\/wp-json\/wp\/v2\/users\/1"}],"replies":[{"embeddable":true,"href":"https:\/\/agronomia.uem.mz\/index.php\/wp-json\/wp\/v2\/comments?post=385"}],"version-history":[{"count":0,"href":"https:\/\/agronomia.uem.mz\/index.php\/wp-json\/wp\/v2\/pages\/385\/revisions"}],"wp:attachment":[{"href":"https:\/\/agronomia.uem.mz\/index.php\/wp-json\/wp\/v2\/media?parent=385"}],"curies":[{"name":"wp","href":"https:\/\/api.w.org\/{rel}","templated":true}]}}