{"id":159,"date":"2024-09-23T14:52:15","date_gmt":"2024-09-23T14:52:15","guid":{"rendered":"https:\/\/agronomia.ghost.uem.mz\/?page_id=159"},"modified":"2024-09-23T14:52:15","modified_gmt":"2024-09-23T14:52:15","slug":"engenharia-agronomica","status":"publish","type":"page","link":"https:\/\/agronomia.uem.mz\/index.php\/engenharia-agronomica\/","title":{"rendered":"Engenharia Agron\u00f3mica"},"content":{"rendered":"\t\t<div data-elementor-type=\"wp-page\" data-elementor-id=\"159\" class=\"elementor elementor-159\">\n\t\t\t\t<div class=\"elementor-element elementor-element-e86ba3f e-flex e-con-boxed e-con e-parent\" data-id=\"e86ba3f\" data-element_type=\"container\">\n\t\t\t\t\t<div class=\"e-con-inner\">\n\t\t\t\t<div class=\"elementor-element elementor-element-02f84c6 elementor-widget elementor-widget-heading\" data-id=\"02f84c6\" data-element_type=\"widget\" data-widget_type=\"heading.default\">\n\t\t\t\t\t<h2 class=\"elementor-heading-title elementor-size-default\">Engenharia Agron\u00f3mica<\/h2>\t\t\t\t<\/div>\n\t\t\t\t\t<\/div>\n\t\t\t\t<\/div>\n\t\t<div class=\"elementor-element elementor-element-7e7ca00 e-flex e-con-boxed e-con e-parent\" data-id=\"7e7ca00\" data-element_type=\"container\">\n\t\t\t\t\t<div class=\"e-con-inner\">\n\t\t\t\t<div class=\"elementor-element elementor-element-8e65d91 elementor-widget elementor-widget-text-editor\" data-id=\"8e65d91\" data-element_type=\"widget\" data-widget_type=\"text-editor.default\">\n\t\t\t\t\t\t\t\t\t<p><strong>INTRODU\u00c7\u00c3O<\/strong><\/p><p><br \/>O curr\u00edculo ajustado tem uma dura\u00e7\u00e3o de 4 (quatro) anos, e inclui uma lei de ensino superior, lei 27\/2009 a 29 de setembro e comunicado oficial do dia 26 de outubro de 2011 que recomenda o ajuste curricular do curso, em conformidade com o Novo Quadro Curricular (NQC) aprovado pelo Conselho Universit\u00e1rio atrav\u00e9s da delibera\u00e7\u00e3o n\u00ba 16 \/ CUN \/ 2011.<\/p><p>De acordo com o NQC, a dura\u00e7\u00e3o dos cursos de licenciamento no UEM \u00e9 permitida em 4 (quatro) anos, permitindo as unidades org\u00e2nicas que pretendem, propor programas com dura\u00e7\u00e3o de 3 (tr\u00eas) anos.\u00a0O processo de ajuste curricular da Faculdade de Agronomia e Engenharia Florestal (FAEF) tamb\u00e9m foi motivado pelo resultado da consulta aos estudantes.<\/p><p>Os resultados da consulta indicaram a necessidade de uma forma de conclus\u00e3o do curso e uma qualifica\u00e7\u00e3o do Licenciado Engenheiro.<\/p><p><br \/><strong>PERFIL PROFISSIONAL<\/strong>\u00a0\u00a0<\/p><p><br \/>O graduado em Engenharia Agron\u00f4mica deve saber:<\/p><ul><li>Os conceitos fundamentais e os procedimentos metodol\u00f3gicos respeitantes a cada uma das \u00e1reas afetadas no perfil profissional;<\/li><li>As t\u00e9cnicas de comunica\u00e7\u00e3o oral e escrita;<\/li><li>Compreender e analisar criticamente diferentes tipos de informa\u00e7\u00f5es relacionadas aos temas relacionados no perfil profissional;<\/li><li>Compreender uma realidade mo\u00e7ambicana;\u00a0e<\/li><li>Raciocinar de uma maneira abstrata e l\u00f3gica e apresentar argumentos bem fundamentados sobre os assuntos relacionados com os temas relacionados no perfil profissional;<\/li><\/ul><p>\u00a0<\/p><p><strong>PERFIL OCUPACIONAL<\/strong><\/p><p><br \/>O graduado em Engenharia Agron\u00f4mica pode selecionar as seguintes fun\u00e7\u00f5es:<\/p><ol><li>setor agr\u00e1rio p\u00fablico e privado;<\/li><li>institui\u00e7\u00f5es de educa\u00e7\u00e3o agr\u00edcola, de n\u00edvel m\u00e9dio e superior;<\/li><li>institui\u00e7\u00f5es de investiga\u00e7\u00e3o agr\u00e1ria;<\/li><li>ag\u00eancias de desenvolvimento (rural);\u00a0e<\/li><li>organiza\u00e7\u00f5es comunit\u00e1rias nas zonas rurais, incluindo organiza\u00e7\u00f5es de produtores.<\/li><\/ol><p><strong>FILOSOFIA DE FORMA\u00c7\u00c3O<\/strong><\/p><p><br \/>Para garantir a forma\u00e7\u00e3o de um graduado com carater\u00edsticas descritas no perfil de graduado, os m\u00e9todos de ensino e avalia\u00e7\u00e3o, enfatizando uma aprendizagem ativa do aluno.\u00a0Sempre que apropriado, e com base nos objetivos de aprendizagem, os seguintes m\u00e9todos de ensino ser\u00e3o utilizados:<br \/><br \/><\/p><ol><li>Aulas te\u00f3ricas que realizam conceitos, racioc\u00ednio e compreens\u00e3o e que tamb\u00e9m s\u00e3o importantes e importantes para a vida profissional;<\/li><li>Aulas pr\u00e1ticas e laborat\u00f3rios que podem experimentar, por si pr\u00f3prio, exerc\u00edcio, racioc\u00ednio e apreender os m\u00e9todos de \u201caprender\u201d, \u201cfazer\u201d, \u201capresentar\u201d e \u201canalisar\u201d o seu trabalho e incentivar o trabalho em grupo e independente;<\/li><li>Trabalhar em grupos com forma\u00e7\u00e3o intencional pelo docente, sempre que poss\u00edvel ou poss\u00edvel usar o m\u00e9todo PBL (Aprendizagem Baseada em Problemas) para orientar os estudantes na realiza\u00e7\u00e3o dos seus trabalhos em grupo;<\/li><li>Semin\u00e1rios que utilizam pr\u00e1ticas de an\u00e1lise, argumenta\u00e7\u00e3o e apresenta\u00e7\u00e3o de id\u00e9ias, problemas e solu\u00e7\u00f5es e incentivo ao trabalho em grupo e independente;\u00a0e<\/li><li>Atividades de campo, incluindo visitas de estudo \u00e0s farmas, explora\u00e7\u00f5es florestais, e centros de investiga\u00e7\u00e3o, que podem ser aplicadas a experi\u00eancias experimentais de atividades agr\u00edcolas e florestais, e integrar ou conhecer seu conhecimento no contexto da vida nas zonas urbanas.<\/li><\/ol><p><br \/>Com base na natureza da disciplina, pode ser usada uma combina\u00e7\u00e3o dos seguintes m\u00e9todos de avalia\u00e7\u00e3o:<\/p><ol><li>Testes escritos;<\/li><li>Relat\u00f3rios de aulas pr\u00e1ticas e laboratoriais;<\/li><li>Ensaios;<\/li><li>Projetos apresentados oralmente ou por escrito;<\/li><li>Participa\u00e7\u00e3o e atitude nas atividades da disciplina;\u00a0e<\/li><li>Exames finais escritos, pr\u00e1ticos ou orais.<\/li><\/ol>\t\t\t\t\t\t\t\t<\/div>\n\t\t\t\t\t<\/div>\n\t\t\t\t<\/div>\n\t\t\t\t<\/div>\n\t\t","protected":false},"excerpt":{"rendered":"<p>Engenharia Agron\u00f3mica INTRODU\u00c7\u00c3O O curr\u00edculo ajustado tem uma dura\u00e7\u00e3o de 4 (quatro) anos, e inclui uma lei de ensino superior, [&hellip;]<\/p>\n","protected":false},"author":1,"featured_media":0,"parent":0,"menu_order":0,"comment_status":"closed","ping_status":"closed","template":"","meta":{"site-sidebar-layout":"no-sidebar","site-content-layout":"","ast-site-content-layout":"full-width-container","site-content-style":"default","site-sidebar-style":"default","ast-global-header-display":"","ast-banner-title-visibility":"","ast-main-header-display":"","ast-hfb-above-header-display":"","ast-hfb-below-header-display":"","ast-hfb-mobile-header-display":"","site-post-title":"disabled","ast-breadcrumbs-content":"","ast-featured-img":"disabled","footer-sml-layout":"","theme-transparent-header-meta":"","adv-header-id-meta":"","stick-header-meta":"","header-above-stick-meta":"","header-main-stick-meta":"","header-below-stick-meta":"","astra-migrate-meta-layouts":"default","ast-page-background-enabled":"default","ast-page-background-meta":{"desktop":{"background-color":"var(--ast-global-color-5)","background-image":"","background-repeat":"repeat","background-position":"center center","background-size":"auto","background-attachment":"scroll","background-type":"","background-media":"","overlay-type":"","overlay-color":"","overlay-opacity":"","overlay-gradient":""},"tablet":{"background-color":"","background-image":"","background-repeat":"repeat","background-position":"center center","background-size":"auto","background-attachment":"scroll","background-type":"","background-media":"","overlay-type":"","overlay-color":"","overlay-opacity":"","overlay-gradient":""},"mobile":{"background-color":"","background-image":"","background-repeat":"repeat","background-position":"center center","background-size":"auto","background-attachment":"scroll","background-type":"","background-media":"","overlay-type":"","overlay-color":"","overlay-opacity":"","overlay-gradient":""}},"ast-content-background-meta":{"desktop":{"background-color":"var(--ast-global-color-4)","background-image":"","background-repeat":"repeat","background-position":"center center","background-size":"auto","background-attachment":"scroll","background-type":"","background-media":"","overlay-type":"","overlay-color":"","overlay-opacity":"","overlay-gradient":""},"tablet":{"background-color":"var(--ast-global-color-4)","background-image":"","background-repeat":"repeat","background-position":"center center","background-size":"auto","background-attachment":"scroll","background-type":"","background-media":"","overlay-type":"","overlay-color":"","overlay-opacity":"","overlay-gradient":""},"mobile":{"background-color":"var(--ast-global-color-4)","background-image":"","background-repeat":"repeat","background-position":"center center","background-size":"auto","background-attachment":"scroll","background-type":"","background-media":"","overlay-type":"","overlay-color":"","overlay-opacity":"","overlay-gradient":""}},"footnotes":""},"class_list":["post-159","page","type-page","status-publish","hentry"],"_links":{"self":[{"href":"https:\/\/agronomia.uem.mz\/index.php\/wp-json\/wp\/v2\/pages\/159","targetHints":{"allow":["GET"]}}],"collection":[{"href":"https:\/\/agronomia.uem.mz\/index.php\/wp-json\/wp\/v2\/pages"}],"about":[{"href":"https:\/\/agronomia.uem.mz\/index.php\/wp-json\/wp\/v2\/types\/page"}],"author":[{"embeddable":true,"href":"https:\/\/agronomia.uem.mz\/index.php\/wp-json\/wp\/v2\/users\/1"}],"replies":[{"embeddable":true,"href":"https:\/\/agronomia.uem.mz\/index.php\/wp-json\/wp\/v2\/comments?post=159"}],"version-history":[{"count":0,"href":"https:\/\/agronomia.uem.mz\/index.php\/wp-json\/wp\/v2\/pages\/159\/revisions"}],"wp:attachment":[{"href":"https:\/\/agronomia.uem.mz\/index.php\/wp-json\/wp\/v2\/media?parent=159"}],"curies":[{"name":"wp","href":"https:\/\/api.w.org\/{rel}","templated":true}]}}