{"id":146,"date":"2024-09-23T14:46:52","date_gmt":"2024-09-23T14:46:52","guid":{"rendered":"https:\/\/agronomia.ghost.uem.mz\/?page_id=146"},"modified":"2024-09-23T14:46:52","modified_gmt":"2024-09-23T14:46:52","slug":"estrutura-organica","status":"publish","type":"page","link":"https:\/\/agronomia.uem.mz\/index.php\/estrutura-organica\/","title":{"rendered":"Estrutura Org\u00e2nica"},"content":{"rendered":"\t\t<div data-elementor-type=\"wp-page\" data-elementor-id=\"146\" class=\"elementor elementor-146\">\n\t\t\t\t<div class=\"elementor-element elementor-element-8b33c10 e-flex e-con-boxed e-con e-parent\" data-id=\"8b33c10\" data-element_type=\"container\">\n\t\t\t\t\t<div class=\"e-con-inner\">\n\t\t\t\t<div class=\"elementor-element elementor-element-97b7b31 elementor-widget elementor-widget-heading\" data-id=\"97b7b31\" data-element_type=\"widget\" data-widget_type=\"heading.default\">\n\t\t\t\t\t<h2 class=\"elementor-heading-title elementor-size-default\">Estrutura Org\u00e2nica<\/h2>\t\t\t\t<\/div>\n\t\t\t\t\t<\/div>\n\t\t\t\t<\/div>\n\t\t<div class=\"elementor-element elementor-element-53a16d6 e-flex e-con-boxed e-con e-parent\" data-id=\"53a16d6\" data-element_type=\"container\">\n\t\t\t\t\t<div class=\"e-con-inner\">\n\t\t\t\t<div class=\"elementor-element elementor-element-d96f47f elementor-widget elementor-widget-text-editor\" data-id=\"d96f47f\" data-element_type=\"widget\" data-widget_type=\"text-editor.default\">\n\t\t\t\t\t\t\t\t\t<p>A FAEF possui oito Departamentos dos quais cinco s\u00e3o departamentos acad\u00e9micos e tr\u00eas centros. Dos centros, a FAEF possui dois centros localizados nas comunidades, nomeadamente CEFLOMA e CEDAS, e um centro localizado no seu edif\u00edcio sede (Centro de Estudos de Agricultura e Gest\u00e3o de Recursos \u2013 CEAGRE). O quadro de direc\u00e7\u00e3o e chefia da FAEF consistiu de:<\/p><ul><li>Director: Prof. Doutor Lu\u00eds Artur<\/li><li>Directora Adjunta para a Gradua\u00e7\u00e3o: Doutora Eng. Rosta Mate<\/li><li>Directora Adjunta para a P\u00f3s-Gradua\u00e7\u00e3o: Prof. Doutor Val\u00e9rio Macandza<\/li><li>Director Adjunto para Investiga\u00e7\u00e3o e Extens\u00e3o: Prof. Doutor Rogerio Chiulele<\/li><li>Directora Adjunta para Administra\u00e7\u00e3o: Doutor Eng. Emilio Magaia<\/li><li>Chefe do Departamento de Protec\u00e7\u00e3o Vegetal (DProtV): Profa. Doutora Amelia Sidumo<\/li><li>Chefe do Departamento de Produ\u00e7\u00e3o Vegetal (DProdV): MSc. Jo\u00e3o Nuvunga<\/li><li>Chefe do Departamento de Engenharia Rural (DER): Doutor Eng. M\u00e1rio Chilundo<\/li><li>Chefe do Departamento de Engenharia Florestal (DEF): Prof. Doutor Bernard Guedes<\/li><li>Chefe do CEFLOMA: Prof. Doutor Ernesto Uetimane J\u00fanior<\/li><li>Chefe do CEDAS: Prof. Doutor Hilario Magaia<\/li><li>Chefe do CEAGRE: Prof. Doutor Almeida Sitoe<\/li><li>Chefe do Departamento de Economia e Desenvolvimento Agr\u00e1rio (DEDA): MSc Bruno Araujo<\/li><li>Directores de cursos de licenciatura:<ul><li>Engenharia Agron\u00f3mica: MSc. Am\u00e2ndio Muthambe<\/li><li>Engenharia Florestal: MSc. Francisco Geje<\/li><li>Agro-economia e Extens\u00e3o: MSc. Zarina Laxmidas<\/li><\/ul><\/li><li>Directores de cursos de mestrado:<ul><li>Desenvolvimento Rural: Doutor Eng. Nicia Giv\u00e1<\/li><li>Maneio e Conserva\u00e7\u00e3o da Biodiversidade: Profa Doutora Romana Bandeira<\/li><li>Produ\u00e7\u00e3o Vegetal: Prof. Doutor In\u00e1cio Maposse<\/li><li>Protec\u00e7\u00e3o Vegetal:Prof. Doutor Domingos Cugala<\/li><li>Economia Agr\u00e1ria: MSc Bruno Araujo<\/li><li>Gest\u00e3o de Solos e \u00c1gua: Doutor Eng. Mario Chilundo<\/li><li>Tecnologia e Processamento da Madeira: Prof. Doutor Andrade Egas<\/li><li>Economia Agr\u00e1ria \u00e0 Dist\u00e2ncia: Prof. Doutor Jo\u00e3o Mutondo<\/li><li>Educa\u00e7\u00e3o Agr\u00e1ria \u00e0 Dist\u00e2ncia: Prof. Doutor Jo\u00e3o Mutondo.<\/li><\/ul><\/li><\/ul>\t\t\t\t\t\t\t\t<\/div>\n\t\t\t\t\t<\/div>\n\t\t\t\t<\/div>\n\t\t<div class=\"elementor-element elementor-element-634da3b e-flex e-con-boxed e-con e-parent\" data-id=\"634da3b\" data-element_type=\"container\">\n\t\t\t\t\t<div class=\"e-con-inner\">\n\t\t\t\t<div class=\"elementor-element elementor-element-b7bd885 elementor-widget elementor-widget-heading\" data-id=\"b7bd885\" data-element_type=\"widget\" data-widget_type=\"heading.default\">\n\t\t\t\t\t<h2 class=\"elementor-heading-title elementor-size-default\">Organigrama <\/h2>\t\t\t\t<\/div>\n\t\t\t\t\t<\/div>\n\t\t\t\t<\/div>\n\t\t<div class=\"elementor-element elementor-element-46dfe20 e-flex e-con-boxed e-con e-parent\" data-id=\"46dfe20\" data-element_type=\"container\">\n\t\t\t\t\t<div class=\"e-con-inner\">\n\t\t\t\t<div class=\"elementor-element elementor-element-2854d7f elementor-widget elementor-widget-image\" data-id=\"2854d7f\" data-element_type=\"widget\" data-widget_type=\"image.default\">\n\t\t\t\t\t\t\t\t\t\t\t\t\t\t\t<img fetchpriority=\"high\" decoding=\"async\" width=\"715\" height=\"388\" src=\"https:\/\/agronomia.uem.mz\/wp-content\/uploads\/2024\/09\/organigraman.png\" class=\"attachment-large size-large wp-image-278\" alt=\"\" srcset=\"https:\/\/agronomia.uem.mz\/wp-content\/uploads\/2024\/09\/organigraman.png 715w, https:\/\/agronomia.uem.mz\/wp-content\/uploads\/2024\/09\/organigraman-300x163.png 300w\" sizes=\"(max-width: 715px) 100vw, 715px\" \/>\t\t\t\t\t\t\t\t\t\t\t\t\t\t\t<\/div>\n\t\t\t\t<div class=\"elementor-element elementor-element-95831d4 elementor-widget elementor-widget-button\" data-id=\"95831d4\" data-element_type=\"widget\" data-widget_type=\"button.default\">\n\t\t\t\t\t\t\t\t\t\t<a class=\"elementor-button elementor-button-link elementor-size-sm\" href=\"#\">\n\t\t\t\t\t\t<span class=\"elementor-button-content-wrapper\">\n\t\t\t\t\t\t\t\t\t<span class=\"elementor-button-text\">Click here<\/span>\n\t\t\t\t\t<\/span>\n\t\t\t\t\t<\/a>\n\t\t\t\t\t\t\t\t<\/div>\n\t\t\t\t\t<\/div>\n\t\t\t\t<\/div>\n\t\t\t\t<\/div>\n\t\t","protected":false},"excerpt":{"rendered":"<p>Estrutura Org\u00e2nica A FAEF possui oito Departamentos dos quais cinco s\u00e3o departamentos acad\u00e9micos e tr\u00eas centros. Dos centros, a FAEF [&hellip;]<\/p>\n","protected":false},"author":1,"featured_media":0,"parent":0,"menu_order":0,"comment_status":"closed","ping_status":"closed","template":"","meta":{"site-sidebar-layout":"no-sidebar","site-content-layout":"","ast-site-content-layout":"full-width-container","site-content-style":"default","site-sidebar-style":"default","ast-global-header-display":"","ast-banner-title-visibility":"","ast-main-header-display":"","ast-hfb-above-header-display":"","ast-hfb-below-header-display":"","ast-hfb-mobile-header-display":"","site-post-title":"disabled","ast-breadcrumbs-content":"","ast-featured-img":"disabled","footer-sml-layout":"","theme-transparent-header-meta":"","adv-header-id-meta":"","stick-header-meta":"","header-above-stick-meta":"","header-main-stick-meta":"","header-below-stick-meta":"","astra-migrate-meta-layouts":"default","ast-page-background-enabled":"default","ast-page-background-meta":{"desktop":{"background-color":"var(--ast-global-color-5)","background-image":"","background-repeat":"repeat","background-position":"center center","background-size":"auto","background-attachment":"scroll","background-type":"","background-media":"","overlay-type":"","overlay-color":"","overlay-opacity":"","overlay-gradient":""},"tablet":{"background-color":"","background-image":"","background-repeat":"repeat","background-position":"center center","background-size":"auto","background-attachment":"scroll","background-type":"","background-media":"","overlay-type":"","overlay-color":"","overlay-opacity":"","overlay-gradient":""},"mobile":{"background-color":"","background-image":"","background-repeat":"repeat","background-position":"center center","background-size":"auto","background-attachment":"scroll","background-type":"","background-media":"","overlay-type":"","overlay-color":"","overlay-opacity":"","overlay-gradient":""}},"ast-content-background-meta":{"desktop":{"background-color":"var(--ast-global-color-4)","background-image":"","background-repeat":"repeat","background-position":"center center","background-size":"auto","background-attachment":"scroll","background-type":"","background-media":"","overlay-type":"","overlay-color":"","overlay-opacity":"","overlay-gradient":""},"tablet":{"background-color":"var(--ast-global-color-4)","background-image":"","background-repeat":"repeat","background-position":"center center","background-size":"auto","background-attachment":"scroll","background-type":"","background-media":"","overlay-type":"","overlay-color":"","overlay-opacity":"","overlay-gradient":""},"mobile":{"background-color":"var(--ast-global-color-4)","background-image":"","background-repeat":"repeat","background-position":"center center","background-size":"auto","background-attachment":"scroll","background-type":"","background-media":"","overlay-type":"","overlay-color":"","overlay-opacity":"","overlay-gradient":""}},"footnotes":""},"class_list":["post-146","page","type-page","status-publish","hentry"],"_links":{"self":[{"href":"https:\/\/agronomia.uem.mz\/index.php\/wp-json\/wp\/v2\/pages\/146","targetHints":{"allow":["GET"]}}],"collection":[{"href":"https:\/\/agronomia.uem.mz\/index.php\/wp-json\/wp\/v2\/pages"}],"about":[{"href":"https:\/\/agronomia.uem.mz\/index.php\/wp-json\/wp\/v2\/types\/page"}],"author":[{"embeddable":true,"href":"https:\/\/agronomia.uem.mz\/index.php\/wp-json\/wp\/v2\/users\/1"}],"replies":[{"embeddable":true,"href":"https:\/\/agronomia.uem.mz\/index.php\/wp-json\/wp\/v2\/comments?post=146"}],"version-history":[{"count":0,"href":"https:\/\/agronomia.uem.mz\/index.php\/wp-json\/wp\/v2\/pages\/146\/revisions"}],"wp:attachment":[{"href":"https:\/\/agronomia.uem.mz\/index.php\/wp-json\/wp\/v2\/media?parent=146"}],"curies":[{"name":"wp","href":"https:\/\/api.w.org\/{rel}","templated":true}]}}