{"id":145,"date":"2024-09-23T14:46:52","date_gmt":"2024-09-23T14:46:52","guid":{"rendered":"https:\/\/agronomia.ghost.uem.mz\/?page_id=145"},"modified":"2024-09-23T14:46:52","modified_gmt":"2024-09-23T14:46:52","slug":"funcionario","status":"publish","type":"page","link":"https:\/\/agronomia.uem.mz\/index.php\/funcionario\/","title":{"rendered":"Funcion\u00e1rio"},"content":{"rendered":"\t\t<div data-elementor-type=\"wp-page\" data-elementor-id=\"145\" class=\"elementor elementor-145\">\n\t\t\t\t<div class=\"elementor-element elementor-element-77186ac e-flex e-con-boxed e-con e-parent\" data-id=\"77186ac\" data-element_type=\"container\">\n\t\t\t\t\t<div class=\"e-con-inner\">\n\t\t\t\t<div class=\"elementor-element elementor-element-094cf92 elementor-widget elementor-widget-heading\" data-id=\"094cf92\" data-element_type=\"widget\" data-widget_type=\"heading.default\">\n\t\t\t\t\t<h2 class=\"elementor-heading-title elementor-size-default\">Funcionamento<\/h2>\t\t\t\t<\/div>\n\t\t\t\t\t<\/div>\n\t\t\t\t<\/div>\n\t\t<div class=\"elementor-element elementor-element-4cc5ff0 e-flex e-con-boxed e-con e-parent\" data-id=\"4cc5ff0\" data-element_type=\"container\">\n\t\t\t\t\t<div class=\"e-con-inner\">\n\t\t\t\t<div class=\"elementor-element elementor-element-69ed97c elementor-widget elementor-widget-text-editor\" data-id=\"69ed97c\" data-element_type=\"widget\" data-widget_type=\"text-editor.default\">\n\t\t\t\t\t\t\t\t\t<p>A Faculdade de Agronomia e Engenharia Florestal (FAEF) \u00e9 uma unidade org\u00e2nica da Universidade Eduardo Mondlane (UEM). Com mais de 50 anos de exist\u00eancia, a FAEF \u00e9 a maior e mais antiga institui\u00e7\u00e3o de ensino superior agr\u00e1rio do pa\u00eds. A FAEF \u00e9 constitu\u00edda por cinco Departamentos Acad\u00e9micos, nomeadamente Engenharia Rural (DER), Produ\u00e7\u00e3o Vegetal (DProdV), Protec\u00e7\u00e3o Vegetal (DProtV), Economia e Desenvolvimento Agr\u00e1rio (DEDA) e o Engenharia Florestal (DEF), e por tr\u00eas Centros de investiga\u00e7\u00e3o, extens\u00e3o e presta\u00e7\u00e3o de servi\u00e7os, nomeadamente o Centro Agro-Florestal de Machipanda (CEFLOMA), o Centro de Ensino e Desenvolvimento Agr\u00e1rio de S\u00e1bi\u00e8 (CEDAS), e o Centro de Estudos de Agricultura e Gest\u00e3o de Recursos (CEAGRE). Para al\u00e9m destes centros internos, a FAEF aloja o Centro Internacional para a Economia e Governa\u00e7\u00e3o da \u00c1gua (IWEGA).<\/p><p>A FAEFactualmente oferece programas de Licenciatura em tr\u00eas \u00e1reas de especializa\u00e7\u00e3o: Engenharia Agron\u00f3mica,Engenharia Florestal, e Agroeconomia e Extens\u00e3o Agr\u00e1ria. Os estudantes da FAEF s\u00e3o provenientes do ensino m\u00e9dio,tanto do ensino geral assim como do ensino t\u00e9cnico profissional.A FAEF tamb\u00e9m oferece cursos de mestrado com v\u00e1rios ramos de especializa\u00e7\u00e3o para estudantes e funcion\u00e1rios p\u00fablicos e de empresas privadas que possuem o n\u00edvel de licenciatura. Para al\u00e9m do ensino, os docentes e investigadores da FAEF (dos quais cerca de um ter\u00e7o possuem o grau de Doutoramento) realizam actividades de investiga\u00e7\u00e3o, extens\u00e3o e presta\u00e7\u00e3o de servi\u00e7os em diferentes \u00e1reas cient\u00edficas.<\/p>\t\t\t\t\t\t\t\t<\/div>\n\t\t\t\t\t<\/div>\n\t\t\t\t<\/div>\n\t\t\t\t<\/div>\n\t\t","protected":false},"excerpt":{"rendered":"<p>Funcionamento A Faculdade de Agronomia e Engenharia Florestal (FAEF) \u00e9 uma unidade org\u00e2nica da Universidade Eduardo Mondlane (UEM). Com mais [&hellip;]<\/p>\n","protected":false},"author":1,"featured_media":0,"parent":0,"menu_order":0,"comment_status":"closed","ping_status":"closed","template":"","meta":{"site-sidebar-layout":"no-sidebar","site-content-layout":"","ast-site-content-layout":"full-width-container","site-content-style":"default","site-sidebar-style":"default","ast-global-header-display":"","ast-banner-title-visibility":"","ast-main-header-display":"","ast-hfb-above-header-display":"","ast-hfb-below-header-display":"","ast-hfb-mobile-header-display":"","site-post-title":"disabled","ast-breadcrumbs-content":"","ast-featured-img":"disabled","footer-sml-layout":"","theme-transparent-header-meta":"","adv-header-id-meta":"","stick-header-meta":"","header-above-stick-meta":"","header-main-stick-meta":"","header-below-stick-meta":"","astra-migrate-meta-layouts":"default","ast-page-background-enabled":"default","ast-page-background-meta":{"desktop":{"background-color":"var(--ast-global-color-5)","background-image":"","background-repeat":"repeat","background-position":"center center","background-size":"auto","background-attachment":"scroll","background-type":"","background-media":"","overlay-type":"","overlay-color":"","overlay-opacity":"","overlay-gradient":""},"tablet":{"background-color":"","background-image":"","background-repeat":"repeat","background-position":"center center","background-size":"auto","background-attachment":"scroll","background-type":"","background-media":"","overlay-type":"","overlay-color":"","overlay-opacity":"","overlay-gradient":""},"mobile":{"background-color":"","background-image":"","background-repeat":"repeat","background-position":"center center","background-size":"auto","background-attachment":"scroll","background-type":"","background-media":"","overlay-type":"","overlay-color":"","overlay-opacity":"","overlay-gradient":""}},"ast-content-background-meta":{"desktop":{"background-color":"var(--ast-global-color-4)","background-image":"","background-repeat":"repeat","background-position":"center center","background-size":"auto","background-attachment":"scroll","background-type":"","background-media":"","overlay-type":"","overlay-color":"","overlay-opacity":"","overlay-gradient":""},"tablet":{"background-color":"var(--ast-global-color-4)","background-image":"","background-repeat":"repeat","background-position":"center center","background-size":"auto","background-attachment":"scroll","background-type":"","background-media":"","overlay-type":"","overlay-color":"","overlay-opacity":"","overlay-gradient":""},"mobile":{"background-color":"var(--ast-global-color-4)","background-image":"","background-repeat":"repeat","background-position":"center center","background-size":"auto","background-attachment":"scroll","background-type":"","background-media":"","overlay-type":"","overlay-color":"","overlay-opacity":"","overlay-gradient":""}},"footnotes":""},"class_list":["post-145","page","type-page","status-publish","hentry"],"_links":{"self":[{"href":"https:\/\/agronomia.uem.mz\/index.php\/wp-json\/wp\/v2\/pages\/145","targetHints":{"allow":["GET"]}}],"collection":[{"href":"https:\/\/agronomia.uem.mz\/index.php\/wp-json\/wp\/v2\/pages"}],"about":[{"href":"https:\/\/agronomia.uem.mz\/index.php\/wp-json\/wp\/v2\/types\/page"}],"author":[{"embeddable":true,"href":"https:\/\/agronomia.uem.mz\/index.php\/wp-json\/wp\/v2\/users\/1"}],"replies":[{"embeddable":true,"href":"https:\/\/agronomia.uem.mz\/index.php\/wp-json\/wp\/v2\/comments?post=145"}],"version-history":[{"count":0,"href":"https:\/\/agronomia.uem.mz\/index.php\/wp-json\/wp\/v2\/pages\/145\/revisions"}],"wp:attachment":[{"href":"https:\/\/agronomia.uem.mz\/index.php\/wp-json\/wp\/v2\/media?parent=145"}],"curies":[{"name":"wp","href":"https:\/\/api.w.org\/{rel}","templated":true}]}}