{"id":131,"date":"2024-09-23T14:43:44","date_gmt":"2024-09-23T14:43:44","guid":{"rendered":"https:\/\/agronomia.ghost.uem.mz\/?page_id=131"},"modified":"2024-09-23T14:43:44","modified_gmt":"2024-09-23T14:43:44","slug":"engenharia-florestal","status":"publish","type":"page","link":"https:\/\/agronomia.uem.mz\/index.php\/engenharia-florestal\/","title":{"rendered":"Engenharia Florestal"},"content":{"rendered":"\t\t<div data-elementor-type=\"wp-page\" data-elementor-id=\"131\" class=\"elementor elementor-131\">\n\t\t\t\t<div class=\"elementor-element elementor-element-68278ad e-flex e-con-boxed e-con e-parent\" data-id=\"68278ad\" data-element_type=\"container\">\n\t\t\t\t\t<div class=\"e-con-inner\">\n\t\t\t\t<div class=\"elementor-element elementor-element-94f5ced elementor-widget elementor-widget-heading\" data-id=\"94f5ced\" data-element_type=\"widget\" data-widget_type=\"heading.default\">\n\t\t\t\t\t<h2 class=\"elementor-heading-title elementor-size-default\">Engenharia Florestal<\/h2>\t\t\t\t<\/div>\n\t\t\t\t\t<\/div>\n\t\t\t\t<\/div>\n\t\t<div class=\"elementor-element elementor-element-ded7976 e-flex e-con-boxed e-con e-parent\" data-id=\"ded7976\" data-element_type=\"container\">\n\t\t\t\t\t<div class=\"e-con-inner\">\n\t\t\t\t<div class=\"elementor-element elementor-element-94a5c56 elementor-widget elementor-widget-text-editor\" data-id=\"94a5c56\" data-element_type=\"widget\" data-widget_type=\"text-editor.default\">\n\t\t\t\t\t\t\t\t\t<p><strong>INTRODU\u00c7\u00c3O<\/strong><br \/>O objectivo geral do curso de Licenciatura em Engenharia Florestal, \u00e9 o de formar um graduado licenciado com habilidades de trabalho na \u00e1rea de produ\u00e7\u00e3o florestal, e uma prepara\u00e7\u00e3o acad\u00e9mica que lhe permita continuar os seus estudos a n\u00edvel do mestrado (segundo ciclo).<\/p><p><br \/><strong>PERFIL PROFISSIONAL<\/strong><br \/>O graduado em Engenharia Florestal deve saber:<\/p><ol><li>Os conceitos fundamentais e os procedimentos metodol\u00f3gicos respeitantes a cada um dos temas definidos no perfil profissional;<\/li><li>As t\u00e9cnicas de comunica\u00e7\u00e3o oral e escrita;<\/li><li>Compreender e analisar criticamente diferentes tipos de informa\u00e7\u00e3o referentes aos temas definidos no perfil profissional;<\/li><li>Compreender a realidade mo\u00e7ambicana; e<\/li><li>Raciocinar de uma maneira abstracta e l\u00f3gica e apresentar argumentos bem fundamentados sobre os assuntos relacionados com os temas definidos no perfil profissional;<\/li><\/ol><p><br \/>O graduado em Engenharia Florestal deve ainda saber fazer:<\/p><ol><li>A aplica\u00e7\u00e3o rigorosa de conhecimentos, conceitos fundamentais e procedimentos metodol\u00f3gicos na solu\u00e7\u00e3o de problemas definidos no perfil profissional;<\/li><li>Trabalhos em grupos e equipes multidisciplinares; e<\/li><li>A recolha, an\u00e1lise, interpreta\u00e7\u00e3o e descri\u00e7\u00e3o de informa\u00e7\u00e3o quantitativa e qualitativa por meio de gr\u00e1ficos, tabelas, modelos, diagramas, esquemas ou outras formas de representa\u00e7\u00e3o abstracta;<\/li><\/ol><p><br \/>O graduado em Engenharia Florestal, deve tamb\u00e9m ser:<\/p><ol><li>Auto-confiante, empreendedor e dispon\u00edvel para trabalhar em equipe e partilhar experi\u00eancias;<\/li><li>Dedicado ao seu desenvolvimento profissional;<\/li><li>Apto a gerir mudan\u00e7as no seu local de trabalho e nas zonas rurais tomando iniciativas adequadas e assumir responsabilidades pelas suas op\u00e7\u00f5es;<\/li><li>Possuidor de consci\u00eancia cient\u00edfica, hist\u00f3rica e cultural sobre o mundo em geral e Mo\u00e7ambique em particular; e<\/li><li>Capaz de formular juizos \u00e9ticos informados e relevantes ao dom\u00ednio da sua actua\u00e7\u00e3o profissional.<\/li><\/ol><p><strong>PERFIL OCUPACIONAL<\/strong><br \/>O graduado em Engenharia Florestal poder\u00e1 exercer fun\u00e7\u00f5es nos seguintes sectores:<\/p><ol><li>Sector agr\u00e1rio p\u00fablico e privado;<\/li><li>Institui\u00e7\u00f5es de educa\u00e7\u00e3o agr\u00e1ria, de n\u00edvel m\u00e9dio e superior;<\/li><li>Institui\u00e7\u00f5es de investiga\u00e7\u00e3o agr\u00e1ria;<\/li><li>Ag\u00eancias de desenvolvimento (rural); e<\/li><li>Organiza\u00e7\u00f5es comunit\u00e1rias nas zonas rurais,\u00a0 incluindo organiza\u00e7\u00f5es de\u00a0 produtores.<\/li><\/ol><p><strong>FILOSOFIA DE FORMA\u00c7\u00c3O<\/strong><br \/>Para garantir a forma\u00e7\u00e3o de um graduado com as carater\u00edsticas descritas no perfil do graduado,\u00a0 os\u00a0 m\u00e9todos de ensino e avalia\u00e7\u00e3o enfatizam uma aprendizagem activa pelo estudante.<\/p><p>Sempre que for apropriado, e baseado nos objectivos de aprendizagem, os seguintes m\u00e9todos de ensino ser\u00e3o utilizados:<\/p><ol><li>Aulas te\u00f3ricas que real\u00e7am conceitos, o racioc\u00ednio e a compreens\u00e3o e que tamb\u00e9m incluam t\u00f3picos relevantes e importantes para a vida profissional;<\/li><li>Aulas pr\u00e1ticas e laboratoriais que permitem ao estudante experimentar por si pr\u00f3prio, exercitar, raciocinar e apreender os m\u00e9todos de \u201caprender\u201d, de \u201cfazer\u201d, de \u201capresentar\u201d e \u201canalisar\u201d o seu trabalho e que incentivam o trabalho em grupo e independente;<\/li><li>Trabalho em grupos intencionalmente formados pelo docente, sempre que poss\u00edvel o docente poder\u00e1 aplicar o m\u00e9todo PBL (Problem Based Learning)\u00a0 para orientar os estudantes na realiza\u00e7\u00e3o dos seus trabalhos em grupo;<\/li><li>Semin\u00e1rios que permitam a pr\u00e1tica da an\u00e1lise, da argumenta\u00e7\u00e3o e apresenta\u00e7\u00e3o das ideias, problemas e solu\u00e7\u00f5es e incentivam o trabalho em grupo e independente; e<\/li><li>Actividades de campo, incluindo visitas de estudo \u00e0s farmas, explora\u00e7\u00f5es florestais, e centros de investiga\u00e7\u00e3o, que permitam ao estudante experimentar as actividades agr\u00edcolas e florestais, integrar o seu conhecimento no contexto da vida nas zonas rurais.<\/li><\/ol><p><br \/>Com base na natureza da disciplina, pode ser usada a combina\u00e7\u00e3o dos seguintes m\u00e9todos de avalia\u00e7\u00e3o:<\/p><ol><li>Testes escritos;<\/li><li>Relat\u00f3rios das aulas pr\u00e1ticas e laboratoriais;<\/li><li>Ensaios;<\/li><li>Projectos apresentados oralmente ou por escrito;<\/li><li>Participa\u00e7\u00e3o e atitude nas actividades da disciplina; e<\/li><li>Exames finais escritos, pr\u00e1ticos ou orais.<\/li><\/ol>\t\t\t\t\t\t\t\t<\/div>\n\t\t\t\t\t<\/div>\n\t\t\t\t<\/div>\n\t\t\t\t<\/div>\n\t\t","protected":false},"excerpt":{"rendered":"<p>Engenharia Florestal INTRODU\u00c7\u00c3OO objectivo geral do curso de Licenciatura em Engenharia Florestal, \u00e9 o de formar um graduado licenciado com [&hellip;]<\/p>\n","protected":false},"author":1,"featured_media":0,"parent":0,"menu_order":0,"comment_status":"closed","ping_status":"closed","template":"","meta":{"site-sidebar-layout":"no-sidebar","site-content-layout":"","ast-site-content-layout":"full-width-container","site-content-style":"default","site-sidebar-style":"default","ast-global-header-display":"","ast-banner-title-visibility":"","ast-main-header-display":"","ast-hfb-above-header-display":"","ast-hfb-below-header-display":"","ast-hfb-mobile-header-display":"","site-post-title":"disabled","ast-breadcrumbs-content":"","ast-featured-img":"disabled","footer-sml-layout":"","theme-transparent-header-meta":"","adv-header-id-meta":"","stick-header-meta":"","header-above-stick-meta":"","header-main-stick-meta":"","header-below-stick-meta":"","astra-migrate-meta-layouts":"default","ast-page-background-enabled":"default","ast-page-background-meta":{"desktop":{"background-color":"var(--ast-global-color-5)","background-image":"","background-repeat":"repeat","background-position":"center center","background-size":"auto","background-attachment":"scroll","background-type":"","background-media":"","overlay-type":"","overlay-color":"","overlay-opacity":"","overlay-gradient":""},"tablet":{"background-color":"","background-image":"","background-repeat":"repeat","background-position":"center center","background-size":"auto","background-attachment":"scroll","background-type":"","background-media":"","overlay-type":"","overlay-color":"","overlay-opacity":"","overlay-gradient":""},"mobile":{"background-color":"","background-image":"","background-repeat":"repeat","background-position":"center center","background-size":"auto","background-attachment":"scroll","background-type":"","background-media":"","overlay-type":"","overlay-color":"","overlay-opacity":"","overlay-gradient":""}},"ast-content-background-meta":{"desktop":{"background-color":"var(--ast-global-color-4)","background-image":"","background-repeat":"repeat","background-position":"center center","background-size":"auto","background-attachment":"scroll","background-type":"","background-media":"","overlay-type":"","overlay-color":"","overlay-opacity":"","overlay-gradient":""},"tablet":{"background-color":"var(--ast-global-color-4)","background-image":"","background-repeat":"repeat","background-position":"center center","background-size":"auto","background-attachment":"scroll","background-type":"","background-media":"","overlay-type":"","overlay-color":"","overlay-opacity":"","overlay-gradient":""},"mobile":{"background-color":"var(--ast-global-color-4)","background-image":"","background-repeat":"repeat","background-position":"center center","background-size":"auto","background-attachment":"scroll","background-type":"","background-media":"","overlay-type":"","overlay-color":"","overlay-opacity":"","overlay-gradient":""}},"footnotes":""},"class_list":["post-131","page","type-page","status-publish","hentry"],"_links":{"self":[{"href":"https:\/\/agronomia.uem.mz\/index.php\/wp-json\/wp\/v2\/pages\/131","targetHints":{"allow":["GET"]}}],"collection":[{"href":"https:\/\/agronomia.uem.mz\/index.php\/wp-json\/wp\/v2\/pages"}],"about":[{"href":"https:\/\/agronomia.uem.mz\/index.php\/wp-json\/wp\/v2\/types\/page"}],"author":[{"embeddable":true,"href":"https:\/\/agronomia.uem.mz\/index.php\/wp-json\/wp\/v2\/users\/1"}],"replies":[{"embeddable":true,"href":"https:\/\/agronomia.uem.mz\/index.php\/wp-json\/wp\/v2\/comments?post=131"}],"version-history":[{"count":0,"href":"https:\/\/agronomia.uem.mz\/index.php\/wp-json\/wp\/v2\/pages\/131\/revisions"}],"wp:attachment":[{"href":"https:\/\/agronomia.uem.mz\/index.php\/wp-json\/wp\/v2\/media?parent=131"}],"curies":[{"name":"wp","href":"https:\/\/api.w.org\/{rel}","templated":true}]}}